{"id":7412,"date":"2022-08-17T18:44:45","date_gmt":"2022-08-17T22:44:45","guid":{"rendered":"https:\/\/exodium.info\/le-visa-eb-2-eb-2-de-renonciation-a-linteret-national-niw\/"},"modified":"2023-05-04T11:49:46","modified_gmt":"2023-05-04T15:49:46","slug":"le-visa-eb-2","status":"publish","type":"page","link":"https:\/\/exodium.info\/fr\/le-visa-eb-2\/","title":{"rendered":"LE VISA EB-2 (EB-2) DE RENONCIATION \u00c0 L&rsquo;INT\u00c9R\u00caT NATIONAL (NIW)"},"content":{"rendered":"<p>[et_pb_section fb_built=\u00a0\u00bb1&Prime; fullwidth=\u00a0\u00bbon\u00a0\u00bb admin_label=\u00a0\u00bbHero Section\u00a0\u00bb _builder_version=\u00a0\u00bb4.17.4&Prime; _module_preset=\u00a0\u00bbdefault\u00a0\u00bb global_colors_info=\u00a0\u00bb{}\u00a0\u00bb][et_pb_fullwidth_header title=\u00a0\u00bbArticle\u00a0\u00bb subhead=\u00a0\u00bbLE VISA EB-2 (EB 2) DE RENONCIATION \u00c0 L&rsquo;INT\u00c9R\u00caT NATIONAL (NIW)\u00a0\u00bb text_orientation=\u00a0\u00bbright\u00a0\u00bb button_one_url=\u00a0\u00bbhttps:\/\/exodium.info\/fr\/rendez-vous\/\u00a0\u00bb background_overlay_color=\u00a0\u00bbrgba(122,122,122,0.55)\u00a0\u00bb content_max_width=\u00a0\u00bb550px\u00a0\u00bb _builder_version=\u00a0\u00bb4.18.0&Prime; _module_preset=\u00a0\u00bbdefault\u00a0\u00bb title_font=\u00a0\u00bbPoppins|700||on|||||\u00a0\u00bb title_text_color=\u00a0\u00bb#FFFFFF\u00a0\u00bb title_font_size=\u00a0\u00bb14px\u00a0\u00bb title_letter_spacing=\u00a0\u00bb2px\u00a0\u00bb title_line_height=\u00a0\u00bb1.8em\u00a0\u00bb content_text_color=\u00a0\u00bb#FFFFFF\u00a0\u00bb subhead_font=\u00a0\u00bbPlayfair Display|700||on|||||\u00a0\u00bb subhead_font_size=\u00a0\u00bb40px\u00a0\u00bb subhead_line_height=\u00a0\u00bb1.4em\u00a0\u00bb background_color=\u00a0\u00bbrgba(255, 255, 255, 0)\u00a0\u00bb background_image=\u00a0\u00bbhttps:\/\/exodium.info\/wp-content\/uploads\/2022\/06\/miami-florida-usa-downtown-sm-2-scaled.jpg\u00a0\u00bb parallax=\u00a0\u00bbon\u00a0\u00bb parallax_method=\u00a0\u00bbon\u00a0\u00bb custom_button_one=\u00a0\u00bbon\u00a0\u00bb button_one_bg_color=\u00a0\u00bb#007cc2&Prime; button_one_border_width=\u00a0\u00bb1px\u00a0\u00bb button_one_border_color=\u00a0\u00bbrgba(255,255,255,0.3)\u00a0\u00bb button_one_border_radius=\u00a0\u00bb0px\u00a0\u00bb button_one_letter_spacing=\u00a0\u00bb1px\u00a0\u00bb button_one_font=\u00a0\u00bbSaira Extra Condensed|600||on|||||\u00a0\u00bb button_one_icon=\u00a0\u00bb&#x24;||divi||400&Prime; button_one_icon_color=\u00a0\u00bb#FFFFFF\u00a0\u00bb custom_button_two=\u00a0\u00bbon\u00a0\u00bb button_two_bg_color=\u00a0\u00bb#007cc2&Prime; button_two_border_width=\u00a0\u00bb1px\u00a0\u00bb button_two_border_color=\u00a0\u00bbrgba(255,255,255,0.3)\u00a0\u00bb button_two_border_radius=\u00a0\u00bb0px\u00a0\u00bb button_two_letter_spacing=\u00a0\u00bb1px\u00a0\u00bb button_two_font=\u00a0\u00bbSaira Extra Condensed|600||on|||||\u00a0\u00bb button_two_icon=\u00a0\u00bb&#x24;||divi||400&Prime; button_two_icon_color=\u00a0\u00bb#edbb5f\u00a0\u00bb module_alignment=\u00a0\u00bbright\u00a0\u00bb custom_margin=\u00a0\u00bb|||\u00a0\u00bb custom_padding=\u00a0\u00bb8%||52px|||\u00a0\u00bb title_text_shadow_style=\u00a0\u00bbpreset5&Prime; subhead_text_shadow_style=\u00a0\u00bbpreset1&Prime; button_one_text_color_hover=\u00a0\u00bb#edbb5f\u00a0\u00bb button_two_text_color_hover=\u00a0\u00bb#edbb5f\u00a0\u00bb button_one_bg_color_hover=\u00a0\u00bbrgba(0,0,0,0)\u00a0\u00bb button_two_bg_color_hover=\u00a0\u00bbrgba(0,0,0,0)\u00a0\u00bb global_colors_info=\u00a0\u00bb{}\u00a0\u00bb button_one_text_size__hover_enabled=\u00a0\u00bboff\u00a0\u00bb button_two_text_size__hover_enabled=\u00a0\u00bboff\u00a0\u00bb button_one_text_color__hover_enabled=\u00a0\u00bbon\u00a0\u00bb button_one_text_color__hover=\u00a0\u00bb#FFFFFF\u00a0\u00bb button_two_text_color__hover_enabled=\u00a0\u00bbon|desktop\u00a0\u00bb button_two_text_color__hover=\u00a0\u00bb#FFFFFF\u00a0\u00bb button_one_border_width__hover_enabled=\u00a0\u00bboff\u00a0\u00bb button_two_border_width__hover_enabled=\u00a0\u00bboff\u00a0\u00bb button_one_border_color__hover_enabled=\u00a0\u00bboff\u00a0\u00bb button_two_border_color__hover_enabled=\u00a0\u00bboff\u00a0\u00bb button_one_border_radius__hover_enabled=\u00a0\u00bboff\u00a0\u00bb button_two_border_radius__hover_enabled=\u00a0\u00bboff\u00a0\u00bb button_one_letter_spacing__hover_enabled=\u00a0\u00bboff\u00a0\u00bb button_two_letter_spacing__hover_enabled=\u00a0\u00bboff\u00a0\u00bb button_one_bg_color__hover_enabled=\u00a0\u00bbon|hover\u00a0\u00bb button_one_bg_color__hover=\u00a0\u00bb#007cc2&Prime; button_two_bg_color__hover_enabled=\u00a0\u00bbon|hover\u00a0\u00bb button_two_bg_color__hover=\u00a0\u00bb#007cc2&Prime; button_one_bg_enable_color__hover=\u00a0\u00bbon\u00a0\u00bb button_two_bg_enable_color__hover=\u00a0\u00bbon\u00a0\u00bb][\/et_pb_fullwidth_header][\/et_pb_section][et_pb_section fb_built=\u00a0\u00bb1&Prime; _builder_version=\u00a0\u00bb4.17.4&Prime; _module_preset=\u00a0\u00bbdefault\u00a0\u00bb collapsed=\u00a0\u00bboff\u00a0\u00bb global_colors_info=\u00a0\u00bb{}\u00a0\u00bb][et_pb_row _builder_version=\u00a0\u00bb4.17.4&Prime; _module_preset=\u00a0\u00bbdefault\u00a0\u00bb collapsed=\u00a0\u00bboff\u00a0\u00bb global_colors_info=\u00a0\u00bb{}\u00a0\u00bb][et_pb_column type=\u00a0\u00bb4_4&Prime; _builder_version=\u00a0\u00bb4.17.4&Prime; _module_preset=\u00a0\u00bbdefault\u00a0\u00bb global_colors_info=\u00a0\u00bb{}\u00a0\u00bb][et_pb_text _builder_version=\u00a0\u00bb4.18.0&Prime; _module_preset=\u00a0\u00bbdefault\u00a0\u00bb header_2_font=\u00a0\u00bbPoppins|700|||||||\u00a0\u00bb header_2_text_color=\u00a0\u00bb#007cc2&Prime; header_2_font_size=\u00a0\u00bb23px\u00a0\u00bb header_3_font=\u00a0\u00bbPoppins|700||on|||||\u00a0\u00bb header_3_text_align=\u00a0\u00bbcenter\u00a0\u00bb header_3_text_color=\u00a0\u00bb#007cc2&Prime; header_3_font_size=\u00a0\u00bb18px\u00a0\u00bb custom_margin=\u00a0\u00bb-29px||||false|false\u00a0\u00bb global_colors_info=\u00a0\u00bb{}\u00a0\u00bb]<\/p>\n<h2 class=\"entry-title\">LE VISA EB-2 (EB 2) DE RENONCIATION \u00c0 L&rsquo;INT\u00c9R\u00caT NATIONAL (NIW)<\/h2>\n<p>[\/et_pb_text][et_pb_text _builder_version=\u00a0\u00bb4.19.0&Prime; _module_preset=\u00a0\u00bbdefault\u00a0\u00bb text_font_size=\u00a0\u00bb16px\u00a0\u00bb global_colors_info=\u00a0\u00bb{}\u00a0\u00bb]<\/p>\n<p><img loading=\"lazy\" decoding=\"async\" class=\"alignleft wp-image-6353 size-medium\" src=\"https:\/\/exodium.info\/wp-content\/uploads\/2022\/08\/envelopes-with-letter-from-uscis-united-states-crop-300x130.jpg\" alt=\"EB-2  \" width=\"300\" height=\"130\" \/><strong>Un visa EB-2 National Interest Waiver (NIW)<\/strong> permet d&rsquo;obtenir le statut de r\u00e9sident permanent (carte verte) sur la base de l'\u00a0\u00bbint\u00e9r\u00eat national\u00a0\u00bb plut\u00f4t que de l&#8217;emploi. Un candidat \u00e0 l&rsquo;EB-2 NIW doit prouver que sa r\u00e9sidence aux \u00c9tats-Unis est d&rsquo;int\u00e9r\u00eat national.<\/p>\n<div class=\"entry-content\">\n<p>Les pays suivants ont traditionnellement \u00e9t\u00e9 consid\u00e9r\u00e9s comme des zones d&rsquo;int\u00e9r\u00eat national pour les \u00c9tats-Unis :<\/p>\n<ol>\n<li>Pr\u00e9venir une attaque contre les \u00c9tats-Unis.<\/li>\n<li>Assurer la survie des alli\u00e9s des \u00c9tats-Unis<\/li>\n<li>La formation de syst\u00e8mes internationaux et mondiaux dans lesquels les \u00c9tats-Unis peuvent prosp\u00e9rer.<\/li>\n<li>D\u00e9velopper la richesse nationale et un niveau de vie \u00e9lev\u00e9<\/li>\n<li>Favoriser la diversit\u00e9 culturelle et la prosp\u00e9rit\u00e9<\/li>\n<li>Maintenir des fronti\u00e8res s\u00fbres et s\u00e9curis\u00e9es<\/li>\n<li>Encourager l&rsquo;environnementalisme national et international<\/li>\n<\/ol>\n<p>Les candidats dont les sp\u00e9cialit\u00e9s sont associ\u00e9es \u00e0 ces domaines d&rsquo;int\u00e9r\u00eat national sont consid\u00e9r\u00e9s s\u00e9rieusement.<\/p>\n<p><strong>EB-2 (EB 2) Exigences NIW<\/strong><\/p>\n<p>L&rsquo;obtention d&rsquo;un visa EB-2 NIW implique les conditions suivantes :<\/p>\n<ol>\n<li>Il faut \u00eatre titulaire d&rsquo;un dipl\u00f4me d&rsquo;\u00e9tudes sup\u00e9rieures sup\u00e9rieur \u00e0 la licence (c&rsquo;est-\u00e0-dire un master ou un doctorat) ou avoir des comp\u00e9tences exceptionnelles dans un domaine particulier.<\/li>\n<li>Le demandeur EB-2 NIW doit \u00eatre engag\u00e9 dans le type de travail qui rev\u00eat une importance substantielle pour l&rsquo;int\u00e9r\u00eat national des \u00c9tats-Unis.<\/li>\n<\/ol>\n<p><strong>Documents justificatifs<\/strong><\/p>\n<p>Bien qu&rsquo;il n&rsquo;existe pas de crit\u00e8res fixes pour ce qui est consid\u00e9r\u00e9 comme \u00ab\u00a0d&rsquo;int\u00e9r\u00eat national\u00a0\u00bb, les documents de r\u00e9f\u00e9rence suivants se sont av\u00e9r\u00e9s utiles :<\/p>\n<ol>\n<li>Lettre d&rsquo;int\u00e9r\u00eat ou preuve de financement de la part d&rsquo;une agence gouvernementale des \u00c9tats-Unis.<\/li>\n<li>Lettres de recommandation de chercheurs et de professeurs \u00e9minents<\/li>\n<li>Copies des brevets et droits d&rsquo;auteur<\/li>\n<li>Propositions de subventions<\/li>\n<li>Articles \u00e9valu\u00e9s par les pairs<\/li>\n<li>Articles publi\u00e9s dans des revues savantes<\/li>\n<li>Livres savants publi\u00e9s<\/li>\n<li>Liste des entr\u00e9es dans les index de citations<\/li>\n<li>\u00c9valuation des performances<\/li>\n<li>Prix re\u00e7us<\/li>\n<\/ol>\n<p><strong> Professions admissibles \u00e0 une carte verte NIW<\/strong><\/p>\n<p>Une vari\u00e9t\u00e9 \u00e9clectique de professions peut b\u00e9n\u00e9ficier du NIW, notamment (mais pas exclusivement) les suivantes : artiste, musicien, chanteur, m\u00e9decin, v\u00e9t\u00e9rinaire, th\u00e9rapeute, infirmier, pharmacien, dentiste, pilote, chercheur, scientifique, ing\u00e9nieur, architecte, avocat, \u00e9conomiste, professeur, entrepreneur et homme d&rsquo;affaires.<\/p>\n<p>Tant qu&rsquo;il peut \u00eatre d\u00e9montr\u00e9 que le r\u00f4le du demandeur dans sa profession &#8211; quelle qu&rsquo;elle soit &#8211; pr\u00e9sente un int\u00e9r\u00eat national pour les \u00c9tats-Unis, le demandeur peut pr\u00e9tendre \u00e0 un visa EB-2 NIW.<\/p>\n<p><strong>Crit\u00e8res privil\u00e9gi\u00e9s<\/strong><\/p>\n<p>Si les services de citoyennet\u00e9 et d&rsquo;immigration des \u00c9tats-Unis (USCIS) sont ouverts \u00e0 une grande diversit\u00e9 de demandes, les professions qui am\u00e9liorent l&rsquo;\u00e9conomie, les salaires, les soins de sant\u00e9, le logement des personnes \u00e2g\u00e9es et des pauvres, l&rsquo;environnement, la compr\u00e9hension culturelle et l&rsquo;\u00e9ducation des enfants et des travailleurs semblent b\u00e9n\u00e9ficier d&rsquo;un statut privil\u00e9gi\u00e9.<\/p>\n<p><strong>Avantages d&rsquo;une demande de visa NIW<\/strong><\/p>\n<p>Les personnes qui demandent un visa NIW n&rsquo;ont pas besoin du parrainage d&rsquo;un employeur, d&rsquo;une offre d&#8217;emploi ou d&rsquo;un emploi en attente.<\/p>\n<p>Le demandeur EB-2 NIW n&rsquo;a pas besoin de passer par le processus de certification de travail permanent (PERM) &#8211; o\u00f9 une p\u00e9nurie de travailleurs am\u00e9ricains dans le domaine de travail du demandeur est n\u00e9cessaire.<\/p>\n<p>Les conditions d&rsquo;\u00e9ligibilit\u00e9 du visa EB-2 NIW sont moins contraignantes que celles associ\u00e9es au visa EB-1A. Un candidat EB-1A doit faire preuve d&rsquo;un niveau d&rsquo;expertise plus \u00e9lev\u00e9 que celui qui cherche \u00e0 obtenir un visa EB-2 NIW. Un candidat EB-1A doit faire partie du petit pourcentage de personnes qui se sont hiss\u00e9es au sommet de leur profession et ont \u00e9t\u00e9 reconnues comme telles. (De nombreux laur\u00e9ats des prix Nobel, Booker et Pulitzer, ainsi que des laur\u00e9ats des Academy, Grammy, Bafta et Brit Award ont re\u00e7u des visas EB-1A).<\/p>\n<p><strong>Avantages mutuels<\/strong><\/p>\n<p>Le visa EB-2 NIW m\u00e8ne \u00e0 une carte verte et, en fin de compte, \u00e0 la citoyennet\u00e9 pour l&rsquo;immigrant et sa famille.<\/p>\n<p>Le programme NIW profite aux immigrants et aux int\u00e9r\u00eats des \u00c9tats-Unis. Les immigrants b\u00e9n\u00e9ficient des avantages de la r\u00e9sidence permanente et des opportunit\u00e9s \u00e9conomiques, et les \u00c9tats-Unis profitent des avanc\u00e9es dans le domaine des sciences et des arts.<\/p>\n<p><strong>Exodium<\/strong><\/p>\n<p>Migrer et obtenir des visas sont des t\u00e2ches d\u00e9courageantes, mais ce n&rsquo;est pas n\u00e9cessaire. Des soci\u00e9t\u00e9s de conseil comme Exodium rendent la migration et l&rsquo;obtention de visas moins contraignantes. Gr\u00e2ce \u00e0 leur expertise, leurs services professionnels et leurs recommandations, ils \u00e9laborent des strat\u00e9gies de migration sans heurts et sans stress.<\/p>\n<p><a href=\"https:\/\/exodium.info\/fr\/\">https:\/\/exodium.info\/<\/a><\/p>\n<p><a href=\"https:\/\/exodium.news\/\" target=\"_blank\" rel=\"noopener\">https:\/\/exodium.news\/<\/a><\/p>\n<p>Source : USCIS. <a href=\"https:\/\/www.uscis.gov\/working-in-the-united-states\/permanent-workers\/employment-based-immigration-second-preference-eb-2\" target=\"_blank\" rel=\"noopener\">https:\/\/www.uscis.gov\/working-in-the-united-states\/permanent-workers\/employment-based-immigration-second-preference-eb-2\/ ;<\/a> https:\/\/www.uscis.gov\/forms\/explore-my-options\/eb-2-employment-based-immigration-advanced-degree-or-exceptional-ability\/.<\/p>\n<\/div>\n<p>&nbsp;<\/p>\n<p>[\/et_pb_text][\/et_pb_column][\/et_pb_row][\/et_pb_section]<\/p>\n","protected":false},"excerpt":{"rendered":"<p>LE VISA EB-2 (EB 2) DE RENONCIATION \u00c0 L&rsquo;INT\u00c9R\u00caT NATIONAL (NIW)Un visa EB-2 National Interest Waiver (NIW) permet d&rsquo;obtenir le statut de r\u00e9sident permanent (carte verte) sur la base de l'\u00a0\u00bbint\u00e9r\u00eat national\u00a0\u00bb plut\u00f4t que de l&#8217;emploi. Un candidat \u00e0 l&rsquo;EB-2 NIW doit prouver que sa r\u00e9sidence aux \u00c9tats-Unis est d&rsquo;int\u00e9r\u00eat national. Les pays suivants ont [&hellip;]<\/p>\n","protected":false},"author":1,"featured_media":7039,"parent":0,"menu_order":0,"comment_status":"open","ping_status":"open","template":"","meta":{"_et_pb_use_builder":"on","_et_pb_old_content":"","_et_gb_content_width":"","footnotes":""},"jetpack_sharing_enabled":true,"_links":{"self":[{"href":"https:\/\/exodium.info\/fr\/wp-json\/wp\/v2\/pages\/7412"}],"collection":[{"href":"https:\/\/exodium.info\/fr\/wp-json\/wp\/v2\/pages"}],"about":[{"href":"https:\/\/exodium.info\/fr\/wp-json\/wp\/v2\/types\/page"}],"author":[{"embeddable":true,"href":"https:\/\/exodium.info\/fr\/wp-json\/wp\/v2\/users\/1"}],"replies":[{"embeddable":true,"href":"https:\/\/exodium.info\/fr\/wp-json\/wp\/v2\/comments?post=7412"}],"version-history":[{"count":1,"href":"https:\/\/exodium.info\/fr\/wp-json\/wp\/v2\/pages\/7412\/revisions"}],"predecessor-version":[{"id":9189,"href":"https:\/\/exodium.info\/fr\/wp-json\/wp\/v2\/pages\/7412\/revisions\/9189"}],"wp:featuredmedia":[{"embeddable":true,"href":"https:\/\/exodium.info\/fr\/wp-json\/wp\/v2\/media\/7039"}],"wp:attachment":[{"href":"https:\/\/exodium.info\/fr\/wp-json\/wp\/v2\/media?parent=7412"}],"curies":[{"name":"wp","href":"https:\/\/api.w.org\/{rel}","templated":true}]}}